{"id":2085,"date":"2016-11-24T18:09:14","date_gmt":"2016-11-24T18:09:14","guid":{"rendered":"http:\/\/calle2.net\/lugar\/"},"modified":"2017-08-22T17:46:31","modified_gmt":"2017-08-22T15:46:31","slug":"lugar","status":"publish","type":"page","link":"https:\/\/calle2.net\/de\/lugar\/","title":{"rendered":"Standort"},"content":{"rendered":"<div class=\"wpb-content-wrapper\"><p>[vc_row css=&#8220;.vc_custom_1496081960197{margin-top: 0px !important;margin-bottom: 0px !important;border-top-width: 0px !important;border-bottom-width: 0px !important;padding-top: 0px !important;padding-bottom: 0px !important;}&#8220;][vc_column][vc_column_text css=&#8220;.vc_custom_1496682860872{margin-top: 0px !important;margin-bottom: 0px !important;border-top-width: 0px !important;border-bottom-width: 0px !important;padding-top: 0px !important;padding-bottom: 0px !important;}&#8220;]<\/p>\n<h3 style=\"text-align: center;\"><strong>Das Hotel<\/strong><\/h3>\n<p style=\"text-align: center;\">Ein einzigartiger Ort, gro\u00dfz\u00fcgig und anspruchsvoll ausgestattet. Tradition und Moderne vereint in einer Villa aus den 20-er Jahren.<br \/>\nGelegen in einer ruhigen Nebenstra\u00dfe im Stadtteil Vedado der CALLE 2.<br \/>\nVedado, der zentrale Stadtteil der Bohemiens, mit all seinen kulturellen Einrichtungen. F\u00fcnf Minuten Fu\u00dfweg zum quirligen Malecon.<\/p>\n<p>[\/vc_column_text][\/vc_column][\/vc_row][vc_row full_width=&#8220;stretch_row_content_no_spaces&#8220; content_placement=&#8220;middle&#8220; css=&#8220;.vc_custom_1496224869041{margin-top: 50px !important;margin-bottom: 0px !important;border-top-width: 0px !important;border-bottom-width: 0px !important;padding-top: 0px !important;padding-bottom: 0px !important;}&#8220;][vc_column][vc_column_text]<div id=\"metaslider-id-1801\" style=\"width: 100%; margin: 0 auto;\" class=\"ml-slider-3-80-0 metaslider metaslider-responsive metaslider-1801 ml-slider ms-theme-default\" role=\"region\" aria-roledescription=\"Slideshow\" aria-label=\"Hotel1\">\n    <div id=\"metaslider_container_1801\">\n        <ul id='metaslider_1801' class='rslides'>\n            <li aria-roledescription='slide' aria-labelledby='slide-0'><img loading=\"lazy\" decoding=\"async\" src=\"https:\/\/calle2.net\/wp-content\/uploads\/2017\/05\/IMG_7171-480x192.jpg\" height=\"200\" width=\"500\" alt=\"\" class=\"slider-1801 slide-1802\" \/><\/li>\n            <li style='display: none;' aria-roledescription='slide' aria-labelledby='slide-1'><img loading=\"lazy\" decoding=\"async\" src=\"https:\/\/calle2.net\/wp-content\/uploads\/2017\/05\/HGG7393-500x200.jpg\" height=\"200\" width=\"500\" alt=\"\" class=\"slider-1801 slide-1803\" \/><div class=\"caption-wrap\"><div class=\"caption\">La Habana, Cuba<\/div><\/div><\/li>\n            <li style='display: none;' aria-roledescription='slide' aria-labelledby='slide-2'><img loading=\"lazy\" decoding=\"async\" src=\"https:\/\/calle2.net\/wp-content\/uploads\/2017\/05\/CUBA1-500x200.jpg\" height=\"200\" width=\"500\" alt=\"\" class=\"slider-1801 slide-1804\" \/><div class=\"caption-wrap\"><div class=\"caption\">Centro Habana, La Habana, Cuba<\/div><\/div><\/li>\n            <li style='display: none;' aria-roledescription='slide' aria-labelledby='slide-3'><img loading=\"lazy\" decoding=\"async\" src=\"https:\/\/calle2.net\/wp-content\/uploads\/2017\/05\/DSC2985-500x200.jpg\" height=\"200\" width=\"500\" alt=\"\" class=\"slider-1801 slide-1805\" \/><\/li>\n            <li style='display: none;' aria-roledescription='slide' aria-labelledby='slide-4'><img loading=\"lazy\" decoding=\"async\" src=\"https:\/\/calle2.net\/wp-content\/uploads\/2017\/05\/DSC_8724-500x200.jpg\" height=\"200\" width=\"500\" alt=\"\" class=\"slider-1801 slide-1806\" \/><div class=\"caption-wrap\"><div class=\"caption\">La Habana, Cuba<\/div><\/div><\/li>\n            <li style='display: none;' aria-roledescription='slide' aria-labelledby='slide-5'><img loading=\"lazy\" decoding=\"async\" src=\"https:\/\/calle2.net\/wp-content\/uploads\/2017\/05\/breakfast-1-500x200.jpg\" height=\"200\" width=\"500\" alt=\"\" class=\"slider-1801 slide-1807\" \/><\/li>\n            <li style='display: none;' aria-roledescription='slide' aria-labelledby='slide-6'><img loading=\"lazy\" decoding=\"async\" src=\"https:\/\/calle2.net\/wp-content\/uploads\/2016\/11\/DSC_9954-500x200.jpg\" height=\"200\" width=\"500\" alt=\"\" class=\"slider-1801 slide-1808\" \/><\/li>\n            <li style='display: none;' aria-roledescription='slide' aria-labelledby='slide-7'><img loading=\"lazy\" decoding=\"async\" src=\"https:\/\/calle2.net\/wp-content\/uploads\/2017\/05\/DSC2995-500x200.jpg\" height=\"200\" width=\"500\" alt=\"\" class=\"slider-1801 slide-1809\" \/><\/li>\n            <li style='display: none;' aria-roledescription='slide' aria-labelledby='slide-8'><img loading=\"lazy\" decoding=\"async\" src=\"https:\/\/calle2.net\/wp-content\/uploads\/2017\/05\/naturaleza_1-500x200.jpg\" height=\"200\" width=\"500\" alt=\"\" class=\"slider-1801 slide-1810\" \/><\/li>\n            <li style='display: none;' aria-roledescription='slide' aria-labelledby='slide-9'><img loading=\"lazy\" decoding=\"async\" src=\"https:\/\/calle2.net\/wp-content\/uploads\/2017\/05\/CUBA1-500x200.jpg\" height=\"200\" width=\"500\" alt=\"\" class=\"slider-1801 slide-1811\" \/><div class=\"caption-wrap\"><div class=\"caption\">Centro Habana, La Habana, Cuba<\/div><\/div><\/li>\n            <li style='display: none;' aria-roledescription='slide' aria-labelledby='slide-10'><img loading=\"lazy\" decoding=\"async\" src=\"https:\/\/calle2.net\/wp-content\/uploads\/2017\/05\/HGG7393-500x200.jpg\" height=\"200\" width=\"500\" alt=\"\" class=\"slider-1801 slide-1812\" \/><div class=\"caption-wrap\"><div class=\"caption\">La Habana, Cuba<\/div><\/div><\/li>\n        <\/ul>\n        \n    <\/div>\n<\/div>[\/vc_column_text][\/vc_column][\/vc_row][vc_row css=&#8220;.vc_custom_1496224949104{margin-top: 50px !important;margin-bottom: 0px !important;border-top-width: 0px !important;border-bottom-width: 0px !important;padding-top: 0px !important;padding-bottom: 0px !important;}&#8220;][vc_column]<div class=\"heading_group_sc wpb_content_element subtitle_bottom    text-center\">\n\n\n    <p><strong>Die Umgebung des ARTeHOTLES der \u00a0Calle 2<br \/>\nin 10 min. Fu\u00dfweg erreichbar..<\/strong><\/p>\n\n\n        <span class=\"subtitle\"><\/span>\n\n<\/div>[vc_column_text]<\/p>\n<div class=\"wpb_column vc_column_container vc_col-sm-6 vc_col-has-fill\"><\/div>\n<div class=\"wpb_column vc_column_container vc_col-sm-6\"><\/div>\n<div class=\"wpb_column vc_column_container vc_col-sm-6\"><\/div>\n<p><img loading=\"lazy\" decoding=\"async\" class=\"wp-image-1437 alignleft\" src=\"http:\/\/calle2.net\/wp-content\/uploads\/2016\/11\/calle2-pictos-a-300x248.png\" alt=\"\" width=\"813\" height=\"671\" srcset=\"https:\/\/calle2.net\/wp-content\/uploads\/2016\/11\/calle2-pictos-a-300x248.png 300w, https:\/\/calle2.net\/wp-content\/uploads\/2016\/11\/calle2-pictos-a-768x635.png 768w, https:\/\/calle2.net\/wp-content\/uploads\/2016\/11\/calle2-pictos-a.png 817w\" sizes=\"(max-width: 813px) 100vw, 813px\" \/><\/p>\n<p><strong>Das ARTeHOTEL<\/strong> &#8211; Tor zur Kultur<\/p>\n<p>In n\u00e4chster Umgebung finden Sie die wichtigsten Theater und Veranstaltungsorte der Stadt.<\/p>\n<p>Unter anderen, das Casa de los Americas, die Institution der lateinamerikanschen Kultur in Cuba und das Kulturzentrum CASA de ALBA, mit seinen w\u00f6chtlich wechselnden Austellungen und Konzerten.<\/p>\n<p>Jardines de TEATRO MELLA, ein Theater der 50er Jahre mit ganzj\u00e4hrigen internationalen Veranstalltungen wie das CUBA &#8211; JAZZ Festival, Theaterfestival und Konzerten mit Interpreten aus aller Welt.<\/p>\n<p>CUBAN ART FACTORY (FAC) das gr\u00f6\u00dfte und modernste Kulturzentrum in Habana, der Hauptsitz der wichtigsten kubanischen Theatergruppen wie el \u201eCIEVO ENCATADO\u201c. Mit seinen Ausstellungshallen f\u00fcr zeitgen\u00f6ssischen Kunst, in denen sich die wichtigsten nationalen- und internationalen K\u00fcnstler in Wechselausstellungen pr\u00e4sentieren.<\/p>\n<p>Havanna und seine neue Gourmet Szene<br \/>\nbefindet sich vorwiegend im Stadtteil Vedado. Im Umkreis von 15 Gehminuten finden Sie die besten Restaurants, von kubanischen Spezialit\u00e4ten bis hin zur internationalen Gourmet K\u00fcche.<\/p>\n<p>Restaurants, direkt am Malecon mit Blick aufs Meer, Gurmettemple in alten wundersch\u00f6nen Villen, und Dachterrassen mit Blick \u00fcber die Stadt\u2026 Eine Vielfalt und Qualit\u00e4t die man von Havanna eigentlich noch nicht erwartet.<\/p>\n<p>Auch Veganes und Vegetarische K\u00fcche hat Einzug gehalten und vegetarische Restaurants befinden sich in n\u00e4chster N\u00e4he.<\/p>\n<p>[\/vc_column_text][\/vc_column][\/vc_row][vc_row css=&#8220;.vc_custom_1496083339827{margin-top: 50px !important;margin-bottom: 0px !important;border-top-width: 0px !important;border-bottom-width: 0px !important;padding-top: 0px !important;padding-bottom: 0px !important;}&#8220;][vc_column]<div class=\"heading_group_sc wpb_content_element subtitle_bottom    text-center\">\n\n\n    <h3><strong>Die Umgebung des ARTeHOTEL\u00b4s, der \u00a0Calle 2<\/strong><\/h3>\n<p><strong>in 10-15 min. Fu\u00dfweg erreichbar&#8230;<\/strong><\/p>\n\n\n        <span class=\"subtitle\"><\/span>\n\n<\/div>[vc_tta_tabs style=&#8220;modern&#8220; color=&#8220;turquoise&#8220; spacing=&#8220;3&#8243; autoplay=&#8220;5&#8243; active_section=&#8220;1&#8243; css_animation=&#8220;none&#8220;][vc_tta_section title=&#8220;Theater und Musikb\u00fchnen&#8220; tab_id=&#8220;1496080309876-9d1a262c-59f8&#8243;][vc_column_text]<img loading=\"lazy\" decoding=\"async\" class=\" wp-image-1079 alignleft\" src=\"http:\/\/calle2.net\/wp-content\/uploads\/2016\/12\/concerto-300x229.jpg\" alt=\"\" width=\"547\" height=\"417\" srcset=\"https:\/\/calle2.net\/wp-content\/uploads\/2016\/12\/concerto-300x229.jpg 300w, https:\/\/calle2.net\/wp-content\/uploads\/2016\/12\/concerto.jpg 659w\" sizes=\"(max-width: 547px) 100vw, 547px\" \/>-Teatro Mella<\/p>\n<p>-Hubert Leblanck<\/p>\n<p>-Teatro Raquel Revuelta<\/p>\n<p>-Sala Llaurad\u00f3<\/p>\n<p>-El Ciervo Encantado<\/p>\n<p>-F\u00e1brica de Arte Cubano<\/p>\n<p>-Teatro Amadeo Rold\u00e1n<\/p>\n<p>-Teatro Trian\u00f3n<\/p>\n<p>-Centro Bertolt Brecht<\/p>\n<p>-Jardines del Mella<\/p>\n<p>-Casa del Alba<\/p>\n<p>[\/vc_column_text][\/vc_tta_section][vc_tta_section title=&#8220;Ausstellungen und Kunstgalerien&#8220; tab_id=&#8220;1496080310063-2061efbd-b13a&#8220;][vc_column_text]<img loading=\"lazy\" decoding=\"async\" class=\" wp-image-1187 alignleft\" src=\"http:\/\/calle2.net\/wp-content\/uploads\/2016\/11\/pintores-300x186.jpg\" alt=\"\" width=\"343\" height=\"214\" srcset=\"https:\/\/calle2.net\/wp-content\/uploads\/2016\/11\/pintores-300x186.jpg 300w, https:\/\/calle2.net\/wp-content\/uploads\/2016\/11\/pintores.jpg 580w\" sizes=\"(max-width: 343px) 100vw, 343px\" \/>-Galer\u00eda Habana<\/p>\n<p>-Galer\u00eda (E)<\/p>\n<p>-F\u00e1brica de Arte Cubano<\/p>\n<p>-Centro Bertolt Bretch<\/p>\n<p>-Casa de las Am\u00e9ricas[\/vc_column_text][\/vc_tta_section][vc_tta_section title=&#8220;..ein Spaziergang zum..&#8220; tab_id=&#8220;1496080329214-fade7597-3270&#8243;][vc_column_text]<img loading=\"lazy\" decoding=\"async\" class=\" wp-image-1622 alignleft\" src=\"http:\/\/calle2.net\/wp-content\/uploads\/2016\/11\/Untitled-3-300x123.jpg\" alt=\"\" width=\"510\" height=\"209\" srcset=\"https:\/\/calle2.net\/wp-content\/uploads\/2016\/11\/Untitled-3-300x123.jpg 300w, https:\/\/calle2.net\/wp-content\/uploads\/2016\/11\/Untitled-3-768x314.jpg 768w, https:\/\/calle2.net\/wp-content\/uploads\/2016\/11\/Untitled-3-1024x418.jpg 1024w, https:\/\/calle2.net\/wp-content\/uploads\/2016\/11\/Untitled-3.jpg 1200w\" sizes=\"(max-width: 510px) 100vw, 510px\" \/>-Malec\u00f3n de La Habana<\/p>\n<p>-Plaza de la Revoluci\u00f3n<\/p>\n<p>-Desembocadura del r\u00edo Almendares<\/p>\n<p>-Cementerio Col\u00f3n<\/p>\n<p>-Bosque de La Habana[\/vc_column_text][\/vc_tta_section][vc_tta_section title=&#8220;Restaurants, Caf\u00e9s, Bar\u00b4s&#8220; tab_id=&#8220;1496080330684-1f283141-0b96&#8243;][vc_column_text]<img loading=\"lazy\" decoding=\"async\" class=\"wp-image-1391 alignleft\" src=\"http:\/\/calle2.net\/wp-content\/uploads\/2017\/05\/breakfast-1-300x225.jpg\" alt=\"\" width=\"541\" height=\"406\" srcset=\"https:\/\/calle2.net\/wp-content\/uploads\/2017\/05\/breakfast-1-300x225.jpg 300w, https:\/\/calle2.net\/wp-content\/uploads\/2017\/05\/breakfast-1.jpg 694w\" sizes=\"(max-width: 541px) 100vw, 541px\" \/>\u00a0 \u00a0-Decamer\u00f3n (L\u00ednea e\/ Paseo y 2) Internacional<\/p>\n<p>-Ecl\u00e9ptico (Paseo entre L\u00ednea y 11) Italiano<\/p>\n<p>-Camino al Sol (3a entre Paseo y 2) Vegetariano<\/p>\n<p>-Lungo Mare (C y 3a) Italiano<\/p>\n<p>-Chino de C (C y 11) Chino<\/p>\n<p>-La Chucher\u00eda (3a e\/ C y D) Cafeter\u00eda<\/p>\n<p>-El Tablazo (3a e\/ C y D) Cubano<\/p>\n<p>-El Idilio (15 y G) Cubano[\/vc_column_text][\/vc_tta_section][\/vc_tta_tabs][\/vc_column][\/vc_row][vc_row][vc_column][vc_gmaps link=&#8220;#E-8_JTNDaWZyYW1lJTIwc3JjJTNEJTIyaHR0cHMlM0ElMkYlMkZ3d3cuZ29vZ2xlLmNvbSUyRm1hcHMlMkZlbWJlZCUzRnBiJTNEJTIxMW0xMCUyMTFtOCUyMTFtMyUyMTFkMTAzNzcuMzIzNDI3NjI4NTg2JTIxMmQtODIuNDAzMTM0NjMzMTM3NzMlMjEzZDIzLjEzNTk0NTY1ODc1MDM5OCUyMTNtMiUyMTFpMTAyNCUyMTJpNzY4JTIxNGYxMy4xJTIxNWUwJTIxM20yJTIxMXNkZSUyMTJzZGUlMjE0djE0OTUyODc5MDg0MzElMjIlMjB3aWR0aCUzRCUyMjYwMCUyMiUyMGhlaWdodCUzRCUyMjQ1MCUyMiUyMGZyYW1lYm9yZGVyJTNEJTIyMCUyMiUyMHN0eWxlJTNEJTIyYm9yZGVyJTNBMCUyMiUyMGFsbG93ZnVsbHNjcmVlbiUzRSUzQyUyRmlmcmFtZSUzRQ==&#8220; size=&#8220;100&#215;50&#8243;][\/vc_column][\/vc_row]<\/p>\n<\/div>","protected":false},"excerpt":{"rendered":"<p>[vc_row css=&#8220;.vc_custom_1496081960197{margin-top: 0px !important;margin-bottom: 0px !important;border-top-width: 0px !important;border-bottom-width: 0px !important;padding-top: 0px !important;padding-bottom: 0px !important;}&#8220;][vc_column][vc_column_text css=&#8220;.vc_custom_1496682860872{margin-top: 0px !important;margin-bottom: 0px !important;border-top-width: 0px !important;border-bottom-width: 0px !important;padding-top: 0px !important;padding-bottom: 0px !important;}&#8220;] Das Hotel Ein einzigartiger Ort, gro\u00dfz\u00fcgig und anspruchsvoll ausgestattet. Tradition und Moderne vereint in einer Villa aus den 20-er Jahren. Gelegen in einer ruhigen Nebenstra\u00dfe im Stadtteil Vedado [&hellip;]<\/p>\n","protected":false},"author":3,"featured_media":0,"parent":0,"menu_order":0,"comment_status":"closed","ping_status":"closed","template":"","meta":{"inline_featured_image":false,"footnotes":""},"_links":{"self":[{"href":"https:\/\/calle2.net\/de\/wp-json\/wp\/v2\/pages\/2085"}],"collection":[{"href":"https:\/\/calle2.net\/de\/wp-json\/wp\/v2\/pages"}],"about":[{"href":"https:\/\/calle2.net\/de\/wp-json\/wp\/v2\/types\/page"}],"author":[{"embeddable":true,"href":"https:\/\/calle2.net\/de\/wp-json\/wp\/v2\/users\/3"}],"replies":[{"embeddable":true,"href":"https:\/\/calle2.net\/de\/wp-json\/wp\/v2\/comments?post=2085"}],"version-history":[{"count":0,"href":"https:\/\/calle2.net\/de\/wp-json\/wp\/v2\/pages\/2085\/revisions"}],"wp:attachment":[{"href":"https:\/\/calle2.net\/de\/wp-json\/wp\/v2\/media?parent=2085"}],"curies":[{"name":"wp","href":"https:\/\/api.w.org\/{rel}","templated":true}]}}