{"id":2650,"date":"2017-06-21T20:52:39","date_gmt":"2017-06-21T18:52:39","guid":{"rendered":"http:\/\/calle2.net\/?page_id=2650"},"modified":"2017-08-22T16:18:11","modified_gmt":"2017-08-22T14:18:11","slug":"__trashed","status":"publish","type":"page","link":"https:\/\/calle2.net\/de\/actividades\/__trashed\/","title":{"rendered":"Excursiones &#8211; aleman"},"content":{"rendered":"<div class=\"wpb-content-wrapper\"><p>[vc_row css=&#8220;.vc_custom_1496138306428{margin-top: 50px !important;margin-bottom: 0px !important;border-top-width: 0px !important;border-bottom-width: 0px !important;padding-top: 0px !important;padding-bottom: 0px !important;}&#8220;][vc_column][vc_column_text]<\/p>\n<h3 style=\"text-align: center;\">Exkursionen und Ausfl\u00fcge<\/h3>\n<p style=\"text-align: center;\">in Havanna, die Umgebung und in die Natur Kubas<\/p>\n<p style=\"text-align: center;\">organisiert von\u00a0ARTeHOTEL<\/p>\n<p>[\/vc_column_text][\/vc_column][\/vc_row][vc_row css=&#8220;.vc_custom_1496138291612{margin-top: 50px !important;margin-bottom: 0px !important;border-top-width: 0px !important;border-bottom-width: 0px !important;padding-top: 0px !important;padding-bottom: 0px !important;}&#8220;][vc_column width=&#8220;1\/2&#8243;][vc_column_text]<\/p>\n<h3><strong>In das unbekannte Havanna<\/strong><\/h3>\n<p>Der Blick hinter die Fassaden, in die Hinterh\u00f6fe und ins Leben der Kubaner.<\/p>\n<p><strong>Einblicke, die nicht jeder bekommt.<\/strong><\/p>\n<p>Buchen Sie eine individuelle Tour mit einem unserer lokalen kubanischen F\u00fchrer<\/p>\n<p>und Sie werden erstaunt sein, wie viele Gesichter Havanna hat.[\/vc_column_text][\/vc_column][vc_column width=&#8220;1\/2&#8243;][vc_single_image image=&#8220;1126&#8243; img_size=&#8220;300&#215;300&#8243;][\/vc_column][\/vc_row][vc_row css=&#8220;.vc_custom_1496138320541{margin-top: 50px !important;margin-bottom: 0px !important;border-top-width: 0px !important;border-bottom-width: 0px !important;padding-top: 0px !important;padding-bottom: 0px !important;}&#8220;][vc_column width=&#8220;1\/2&#8243;][vc_single_image image=&#8220;1011&#8243; img_size=&#8220;300&#215;300&#8243; alignment=&#8220;center&#8220;][\/vc_column][vc_column width=&#8220;1\/2&#8243;][vc_column_text]<\/p>\n<h3><strong>Havanna &#8211; ein \u201eTraum\u201c<\/strong><\/h3>\n<p>Buchen Sie mit uns eine Tour durch Havanna.<br \/>\nZum Beispiel, in einem offenen klassischen Coupe der 50-er Jahre und erfahren Sie die Geschichte aus Erster Hand.<\/p>\n<p><strong>Erleben Sie Havanna<\/strong>, seine Monumente, die Museen, die prachtvollen Geb\u00e4ude und das morbide und vom Verfall gezeichnete Havanna nebeneinander und sein Miteinander.[\/vc_column_text][\/vc_column][\/vc_row][vc_row css=&#8220;.vc_custom_1496138333308{margin-top: 50px !important;margin-bottom: 0px !important;border-top-width: 0px !important;border-bottom-width: 0px !important;padding-top: 0px !important;padding-bottom: 0px !important;}&#8220;][vc_column width=&#8220;1\/2&#8243;][vc_column_text]<\/p>\n<h3><strong>Kunst und Kultur in Havanna<\/strong><\/h3>\n<p>Eine Nacht in einem der Jazz Clubs, einem SALSA- oder einem SON Konzert, <strong>auch mal Abseits von den grossen Veranstaltungen.<\/strong><\/p>\n<p>Wir organisieren f\u00fcr Sie die Karten!<\/p>\n<p>Oder wir organisieren f\u00fcr Sie den Eintritt zu den wichtigen Festivals, Bienalen und sonstigen wichtigen Events in Havanna. (nur f\u00fcr Klienten)[\/vc_column_text][\/vc_column][vc_column width=&#8220;1\/2&#8243;][vc_single_image image=&#8220;1079&#8243; img_size=&#8220;300&#215;300&#8243; alignment=&#8220;center&#8220;][\/vc_column][\/vc_row][vc_row css=&#8220;.vc_custom_1496138354649{margin-top: 50px !important;margin-bottom: 0px !important;border-top-width: 0px !important;border-bottom-width: 0px !important;padding-top: 0px !important;padding-bottom: 0px !important;}&#8220;][vc_column width=&#8220;1\/2&#8243;][vc_single_image image=&#8220;1600&#8243; img_size=&#8220;300&#215;300&#8243;][\/vc_column][vc_column width=&#8220;1\/2&#8243;][vc_column_text]<\/p>\n<h3><strong>Havanna, und seine Umgebung<\/strong><\/h3>\n<p>Oder einen Ausflug in das Tal von Vinales und vielen anderen wundervollen Zielen rund um Havanna.<\/p>\n<p><strong>mit seiner Flora und Fauna, bz. La Ci\u00e9naga de Zapata, el Parque Humboldt, El Parque de Guanacahabibes, oder zum Tauchgebiet von Mar\u00eda La Gorda,\u2026<\/strong><\/p>\n<p>Wir organisieren f\u00fcr die Ausfl\u00fcge, unsere Fahrer fahren Sie und wir begleiten Sie.[\/vc_column_text][\/vc_column][\/vc_row][vc_row css=&#8220;.vc_custom_1496138387815{margin-top: 50px !important;margin-bottom: 0px !important;border-top-width: 0px !important;border-bottom-width: 0px !important;padding-top: 0px !important;padding-bottom: 0px !important;}&#8220;][vc_column width=&#8220;1\/2&#8243;][vc_column_text]<\/p>\n<h3><strong>Havanna, seine Str\u00e4nde und seine Umgebung<\/strong><\/h3>\n<p>Eine halbe Autostunde und Sie befinden sich an den sch\u00f6nsten Karibik Str\u00e4nden mit wei\u00dfem Sand und t\u00fcrkisfarbenem Wasser.<\/p>\n<p>Wir fahren sie![\/vc_column_text][\/vc_column][vc_column width=&#8220;1\/2&#8243;][vc_single_image image=&#8220;1033&#8243; img_size=&#8220;300&#215;300&#8243;][\/vc_column][\/vc_row]<\/p>\n<\/div>","protected":false},"excerpt":{"rendered":"<p>[vc_row css=&#8220;.vc_custom_1496138306428{margin-top: 50px !important;margin-bottom: 0px !important;border-top-width: 0px !important;border-bottom-width: 0px !important;padding-top: 0px !important;padding-bottom: 0px !important;}&#8220;][vc_column][vc_column_text] Exkursionen und Ausfl\u00fcge in Havanna, die Umgebung und in die Natur Kubas organisiert von\u00a0ARTeHOTEL [\/vc_column_text][\/vc_column][\/vc_row][vc_row css=&#8220;.vc_custom_1496138291612{margin-top: 50px !important;margin-bottom: 0px !important;border-top-width: 0px !important;border-bottom-width: 0px !important;padding-top: 0px !important;padding-bottom: 0px !important;}&#8220;][vc_column width=&#8220;1\/2&#8243;][vc_column_text] In das unbekannte Havanna Der Blick hinter die Fassaden, in die Hinterh\u00f6fe [&hellip;]<\/p>\n","protected":false},"author":3,"featured_media":0,"parent":4121,"menu_order":0,"comment_status":"closed","ping_status":"closed","template":"","meta":{"inline_featured_image":false,"footnotes":""},"_links":{"self":[{"href":"https:\/\/calle2.net\/de\/wp-json\/wp\/v2\/pages\/2650"}],"collection":[{"href":"https:\/\/calle2.net\/de\/wp-json\/wp\/v2\/pages"}],"about":[{"href":"https:\/\/calle2.net\/de\/wp-json\/wp\/v2\/types\/page"}],"author":[{"embeddable":true,"href":"https:\/\/calle2.net\/de\/wp-json\/wp\/v2\/users\/3"}],"replies":[{"embeddable":true,"href":"https:\/\/calle2.net\/de\/wp-json\/wp\/v2\/comments?post=2650"}],"version-history":[{"count":0,"href":"https:\/\/calle2.net\/de\/wp-json\/wp\/v2\/pages\/2650\/revisions"}],"up":[{"embeddable":true,"href":"https:\/\/calle2.net\/de\/wp-json\/wp\/v2\/pages\/4121"}],"wp:attachment":[{"href":"https:\/\/calle2.net\/de\/wp-json\/wp\/v2\/media?parent=2650"}],"curies":[{"name":"wp","href":"https:\/\/api.w.org\/{rel}","templated":true}]}}